{"id":798,"date":"2019-01-23T20:11:00","date_gmt":"2019-01-23T19:11:00","guid":{"rendered":"http:\/\/ida.rwth-aachen.de\/shop\/?page_id=798"},"modified":"2025-10-13T19:10:28","modified_gmt":"2025-10-13T17:10:28","slug":"online-buchung-geschlossen","status":"publish","type":"page","link":"https:\/\/ida.rwth-aachen.de\/shop\/?page_id=798","title":{"rendered":"8. Aachener Tagung &#8211; Zweck"},"content":{"rendered":"<p>Am 22. Januar 2026 findet die 8. Aachener Tagung zum Thema &#8220;Zweck&#8221; wieder im Foyer der Fakult\u00e4t f\u00fcr Architektur an der RWTH in Aachen statt.<\/p>\n<p>Vortragende zum Thema \u201eZweck\u201c sind in diesem Jahr u.a. Heike Hanada, Meinrad Morger, Simon Henley und Stephen Taylor. Weitere G\u00e4ste werden fortlaufend angek\u00fcndigt.<\/p>\n<p><b>Der Online-Ticketshop wird in K\u00fcrze ge\u00f6ffnet.<\/b><\/p>\n<p>Weitere Informationen sowie das aktuelle Programm sind unter <a href=\"https:\/\/ida.rwth-aachen.de\" target=\"_blank\" rel=\"noopener\">ida.rwth-aachen.de<\/a> zu finden.<\/p>\n","protected":false},"excerpt":{"rendered":"<p>Am 22. Januar 2026 findet die 8. Aachener Tagung zum Thema &#8220;Zweck&#8221; wieder im Foyer der Fakult\u00e4t f\u00fcr Architektur an der RWTH in Aachen statt. Vortragende zum Thema \u201eZweck\u201c sind in diesem Jahr u.a. Heike Hanada, Meinrad Morger, Simon Henley und Stephen Taylor. Weitere G\u00e4ste werden fortlaufend angek\u00fcndigt. Der Online-Ticketshop wird in K\u00fcrze ge\u00f6ffnet. Weitere [&hellip;]<\/p>\n","protected":false},"author":1,"featured_media":0,"parent":0,"menu_order":0,"comment_status":"closed","ping_status":"closed","template":"","meta":{"footnotes":""},"class_list":["post-798","page","type-page","status-publish","hentry"],"post_mailing_queue_ids":[],"_links":{"self":[{"href":"https:\/\/ida.rwth-aachen.de\/shop\/index.php?rest_route=\/wp\/v2\/pages\/798","targetHints":{"allow":["GET"]}}],"collection":[{"href":"https:\/\/ida.rwth-aachen.de\/shop\/index.php?rest_route=\/wp\/v2\/pages"}],"about":[{"href":"https:\/\/ida.rwth-aachen.de\/shop\/index.php?rest_route=\/wp\/v2\/types\/page"}],"author":[{"embeddable":true,"href":"https:\/\/ida.rwth-aachen.de\/shop\/index.php?rest_route=\/wp\/v2\/users\/1"}],"replies":[{"embeddable":true,"href":"https:\/\/ida.rwth-aachen.de\/shop\/index.php?rest_route=%2Fwp%2Fv2%2Fcomments&post=798"}],"version-history":[{"count":34,"href":"https:\/\/ida.rwth-aachen.de\/shop\/index.php?rest_route=\/wp\/v2\/pages\/798\/revisions"}],"predecessor-version":[{"id":1786,"href":"https:\/\/ida.rwth-aachen.de\/shop\/index.php?rest_route=\/wp\/v2\/pages\/798\/revisions\/1786"}],"wp:attachment":[{"href":"https:\/\/ida.rwth-aachen.de\/shop\/index.php?rest_route=%2Fwp%2Fv2%2Fmedia&parent=798"}],"curies":[{"name":"wp","href":"https:\/\/api.w.org\/{rel}","templated":true}]}}