{"id":1836,"date":"2025-11-17T08:49:25","date_gmt":"2025-11-17T07:49:25","guid":{"rendered":"https:\/\/ida.rwth-aachen.de\/shop\/?page_id=1836"},"modified":"2025-11-17T08:50:37","modified_gmt":"2025-11-17T07:50:37","slug":"impressum-2","status":"publish","type":"page","link":"https:\/\/ida.rwth-aachen.de\/shop\/?page_id=1836","title":{"rendered":"Impressum"},"content":{"rendered":"\n<p>RWTH Aachen<br>Fakult\u00e4t f\u00fcr Architektur<br>Foyer des Reiffmuseums<br>Schinkelstra\u00dfe 1<br>52062 Aachen<\/p>\n\n\n\n<p><a href=\"mailto:kontakt@ida.rwth-aachen.de\">kontakt@ida.rwth-aachen.de<\/a><\/p>\n\n\n\n<p><a href=\"http:\/\/raum.arch.rwth-aachen.de\/\" target=\"_blank\" rel=\"noreferrer noopener\">Lehr- und Forschungsgebiet Raumgestaltung<\/a><\/p>\n\n\n\n<p><a href=\"https:\/\/raum.arch.rwth-aachen.de\">https:\/\/raum.arch.rwth-aachen.de<\/a><\/p>\n\n\n\n<p>Tel. +49 241 80 95027<\/p>\n\n\n\n<p>Herausgeber<br>Herausgegeben im Auftrag des Rektors der Rheinisch-Westf\u00e4lischen Technischen Hochschule Aachen.<br>RWTH Aachen<\/p>\n\n\n\n<p>Rheinisch-Westf\u00e4lische Technische Hochschule (RWTH) Aachen K\u00f6rperschaft des \u00f6ffentlichen Rechts<\/p>\n\n\n\n<p>Templergraben 55<br>52056 Aachen<br>Telefon: +49 241 80-1<br>Telefax: +49 241 80-92312<br>E-Mail:&nbsp;<a href=\"mailto:info@rwth-aachen.de\" target=\"_blank\" rel=\"noreferrer noopener\">info@rwth-aachen.de<\/a><br>Internet:&nbsp;<a href=\"\/\/www.rwth-aachen.de\" target=\"_blank\" rel=\"noreferrer noopener\">www.rwth-aachen.de<\/a><\/p>\n\n\n\n<p>Die RWTH Aachen ist eine K\u00f6rperschaft des \u00f6ffentlichen Rechts. Sie wird durch den Rektor, Univ.-Prof. Dr. rer. nat. Dr. h. c. mult.&nbsp;<a href=\"https:\/\/www.rwth-aachen.de\/cms\/root\/Die-RWTH\/Einrichtungen\/Organisation\/Rektorat\/~cbpy\/Univ-Prof-Dr-rer-nat-Dr-hc-mult-U\/\">Ulrich R\u00fcdiger<\/a>, vertreten.<\/p>\n","protected":false},"excerpt":{"rendered":"<p>RWTH AachenFakult\u00e4t f\u00fcr ArchitekturFoyer des ReiffmuseumsSchinkelstra\u00dfe 152062 Aachen kontakt@ida.rwth-aachen.de Lehr- und Forschungsgebiet Raumgestaltung https:\/\/raum.arch.rwth-aachen.de Tel. +49 241 80 95027 HerausgeberHerausgegeben im Auftrag des Rektors der Rheinisch-Westf\u00e4lischen Technischen Hochschule Aachen.RWTH Aachen Rheinisch-Westf\u00e4lische Technische Hochschule (RWTH) Aachen K\u00f6rperschaft des \u00f6ffentlichen Rechts Templergraben 5552056 AachenTelefon: +49 241 80-1Telefax: +49 241 80-92312E-Mail:&nbsp;info@rwth-aachen.deInternet:&nbsp;www.rwth-aachen.de Die RWTH Aachen ist eine K\u00f6rperschaft des [&hellip;]<\/p>\n","protected":false},"author":94,"featured_media":0,"parent":0,"menu_order":0,"comment_status":"closed","ping_status":"closed","template":"","meta":{"footnotes":""},"class_list":["post-1836","page","type-page","status-publish","hentry"],"post_mailing_queue_ids":[],"_links":{"self":[{"href":"https:\/\/ida.rwth-aachen.de\/shop\/index.php?rest_route=\/wp\/v2\/pages\/1836","targetHints":{"allow":["GET"]}}],"collection":[{"href":"https:\/\/ida.rwth-aachen.de\/shop\/index.php?rest_route=\/wp\/v2\/pages"}],"about":[{"href":"https:\/\/ida.rwth-aachen.de\/shop\/index.php?rest_route=\/wp\/v2\/types\/page"}],"author":[{"embeddable":true,"href":"https:\/\/ida.rwth-aachen.de\/shop\/index.php?rest_route=\/wp\/v2\/users\/94"}],"replies":[{"embeddable":true,"href":"https:\/\/ida.rwth-aachen.de\/shop\/index.php?rest_route=%2Fwp%2Fv2%2Fcomments&post=1836"}],"version-history":[{"count":3,"href":"https:\/\/ida.rwth-aachen.de\/shop\/index.php?rest_route=\/wp\/v2\/pages\/1836\/revisions"}],"predecessor-version":[{"id":1839,"href":"https:\/\/ida.rwth-aachen.de\/shop\/index.php?rest_route=\/wp\/v2\/pages\/1836\/revisions\/1839"}],"wp:attachment":[{"href":"https:\/\/ida.rwth-aachen.de\/shop\/index.php?rest_route=%2Fwp%2Fv2%2Fmedia&parent=1836"}],"curies":[{"name":"wp","href":"https:\/\/api.w.org\/{rel}","templated":true}]}}