{"id":3845,"date":"2022-03-31T16:01:29","date_gmt":"2022-03-31T14:01:29","guid":{"rendered":"https:\/\/ida.rwth-aachen.de\/?page_id=3845"},"modified":"2023-05-23T09:42:28","modified_gmt":"2023-05-23T07:42:28","slug":"archiv-2021-intermezzo","status":"publish","type":"page","link":"https:\/\/ida.rwth-aachen.de\/?page_id=3845","title":{"rendered":"Archiv: 2021 &#8211; INTERMEZZO"},"content":{"rendered":"\n<div class=\"wp-block-image whiteborder\"><figure class=\"alignleft size-large is-resized\"><a href=\"https:\/\/ida.rwth-aachen.de\/wp-content\/uploads\/2021\/01\/IDA_Intermezzo_Plakat-1.png\"><img loading=\"lazy\" decoding=\"async\" src=\"https:\/\/ida.rwth-aachen.de\/wp-content\/uploads\/2021\/01\/IDA_Intermezzo_Plakat-1-424x600.png\" alt=\"\" class=\"wp-image-3568\" width=\"212\" height=\"300\" srcset=\"https:\/\/ida.rwth-aachen.de\/wp-content\/uploads\/2021\/01\/IDA_Intermezzo_Plakat-1-424x600.png 424w, https:\/\/ida.rwth-aachen.de\/wp-content\/uploads\/2021\/01\/IDA_Intermezzo_Plakat-1-400x566.png 400w, https:\/\/ida.rwth-aachen.de\/wp-content\/uploads\/2021\/01\/IDA_Intermezzo_Plakat-1-768x1086.png 768w, https:\/\/ida.rwth-aachen.de\/wp-content\/uploads\/2021\/01\/IDA_Intermezzo_Plakat-1-1086x1536.png 1086w, https:\/\/ida.rwth-aachen.de\/wp-content\/uploads\/2021\/01\/IDA_Intermezzo_Plakat-1-1448x2048.png 1448w\" sizes=\"auto, (max-width: 212px) 100vw, 212px\" \/><\/a><\/figure><\/div>\n\n\n\n<p><strong>INTERMEZZO<\/strong><br>28. + 29. Januar 2021<br>&#8211;<br><a href=\"#intermezzo\" data-type=\"internal\" data-id=\"#intermezzo\">Gespr\u00e4che<\/a><br><a href=\"#publikation\" data-type=\"internal\" data-id=\"#publikation\">Publikation<\/a><br><a href=\"#partner\" data-type=\"internal\" data-id=\"#partner\">Partner<\/a><\/p>\n\n\n\n<div style=\"height:10px\" aria-hidden=\"true\" class=\"wp-block-spacer\"><\/div>\n\n\n\n<div style=\"height:20px\" aria-hidden=\"true\" class=\"wp-block-spacer\"><\/div>\n\n\n\n<p id=\"intermezzo\"><strong>Intermezzo<\/strong><br>In diesem Jahr wollen wir die ver\u00e4nderte und sich weiter ver\u00e4ndernde Lebenswirklichkeit zum Anlass nehmen, die Tagungsreihe&nbsp;<em>Identit\u00e4t der Architektur&nbsp;<\/em>mit einem digitalen Intermezzo zu unterbrechen. Die bisher in der Aachener Tagung behandelten Grundbegriffe Ort, Material, Funktion und Konstruktion stiften Ausgangspunkte f\u00fcr vier Gespr\u00e4che \u00fcber&nbsp;Architektur \u2013 zwischen Resilienz und Adaptivit\u00e4t.<\/p>\n\n\n\n<p><strong>Ort&nbsp;<\/strong>des Wohnens?<\/p>\n\n\n\n<p>Ist die Stadt noch eine gute Wohnung und ist Dichte \u2013 gesellschaftlich wie klimatisch \u2013 noch das richtige Konzept? Lassen etwa Digitalisierung und neue Mobilit\u00e4t ein Wohnen auf dem Lande als aussichtreich erscheinen?<\/p>\n\n\n\n<p>G\u00e4ste: Anna Jessen, Thomas Kr\u00f6ger, J\u00f6rg Springer<\/p>\n\n\n\n<p><strong>Zur Aufzeichnung: <\/strong>[icon name=&#8220;youtube&#8220; prefix=&#8220;fab&#8220;] <strong> <a rel=\"noreferrer noopener\" href=\"https:\/\/www.youtube.com\/watch?v=Ic9dP0LRWYk\" data-type=\"URL\" data-id=\"https:\/\/www.youtube.com\/watch?v=Ic9dP0LRWYk\" target=\"_blank\">Video<\/a> \/ <\/strong>[icon name=&#8220;music&#8220; prefix=&#8220;fas&#8220;]<strong> <a rel=\"noreferrer noopener\" href=\"https:\/\/anchor.fm\/identitaetderarchitektur\/episodes\/IdA-Intermezzo--Ort-des-Wohnens-e11l7sq\" data-type=\"URL\" data-id=\"https:\/\/anchor.fm\/identitaetderarchitektur\/episodes\/IdA-Intermezzo--Ort-des-Wohnens-e11l7sq\" target=\"_blank\">Audio<\/a><\/strong><\/p>\n\n\n\n<div style=\"height:20px\" aria-hidden=\"true\" class=\"wp-block-spacer\"><\/div>\n\n\n\n<p><strong>Material<\/strong>&nbsp;im Wandel?<\/p>\n\n\n\n<p>Ist unsere syn\u00e4sthetische Wahrnehmung von Materialien \u2013 in Bezug auf das Nat\u00fcrliche und K\u00fcnstliche, das Handwerkliche und Industrielle, auf Ihre Alterungsf\u00e4higkeit etc. \u2013 eine anthropologische Gewissheit? Welche Rolle spielt die zunehmende Aufmerksamkeit f\u00fcr die Schonung von Klima und Landschaften, f\u00fcr endliche Ressourcen und Materialkreisl\u00e4ufe?&nbsp;Ist die Materialwissenschaft in der Lehre angemessen verankert?<\/p>\n\n\n\n<p>G\u00e4ste: Andreas Hild, Arno Lederer, G\u00fcnter Pfeifer<\/p>\n\n\n\n<p><strong>Zur Aufzeichnung: <\/strong>[icon name=&#8220;youtube&#8220; prefix=&#8220;fab&#8220;]<strong> <a rel=\"noreferrer noopener\" href=\"https:\/\/www.youtube.com\/watch?v=itdBlJ3ZcHM\" data-type=\"URL\" data-id=\"https:\/\/www.youtube.com\/watch?v=itdBlJ3ZcHM\" target=\"_blank\">Video<\/a> \/ <\/strong>[icon name=&#8220;music&#8220; prefix=&#8220;fas&#8220;]<strong> <a rel=\"noreferrer noopener\" href=\"https:\/\/anchor.fm\/identitaetderarchitektur\/episodes\/IdA-Intermezzo--Material-im-Wandel-e11octc\" data-type=\"URL\" data-id=\"https:\/\/anchor.fm\/identitaetderarchitektur\/episodes\/IdA-Intermezzo--Material-im-Wandel-e11octc\" target=\"_blank\">Audio<\/a><\/strong><\/p>\n\n\n\n<div style=\"height:20px\" aria-hidden=\"true\" class=\"wp-block-spacer\"><\/div>\n\n\n\n<p><strong>Funktion&nbsp;<\/strong>ohne Typologie?<\/p>\n\n\n\n<p>Ist das Hinterlegen von Funktion im Geb\u00e4ude noch mit typologischen oder eher mit polyvalenten Vorstellungen verbunden? In welcher Weise sind R\u00e4ume und Formen der Architektur davon betroffen? F\u00fchrt die zunehmende \u00dcberlagerung von Wohn- und Arbeitswelt zu einer neuen Vorstellung des Wohnens?<\/p>\n\n\n\n<p>G\u00e4ste: Hermann Czech, Caroline Fiechter, Meinrad Morger<\/p>\n\n\n\n<p><strong>Zur Aufzeichnung: <\/strong>[icon name=&#8220;youtube&#8220; prefix=&#8220;fab&#8220;]<strong> <a rel=\"noreferrer noopener\" href=\"https:\/\/www.youtube.com\/watch?v=fnGPEe6-9Jc\" data-type=\"URL\" data-id=\"https:\/\/www.youtube.com\/watch?v=fnGPEe6-9Jc\" target=\"_blank\">Video<\/a> \/ <\/strong>[icon name=&#8220;music&#8220; prefix=&#8220;fas&#8220;]<strong> <a rel=\"noreferrer noopener\" href=\"https:\/\/anchor.fm\/identitaetderarchitektur\/episodes\/IdA-Intermezzo--Funktion-ohne-Typologie-e14aqea\" data-type=\"URL\" data-id=\"https:\/\/anchor.fm\/identitaetderarchitektur\/episodes\/IdA-Intermezzo--Funktion-ohne-Typologie-e14aqea\" target=\"_blank\">Audio<\/a><\/strong><\/p>\n\n\n\n<div style=\"height:20px\" aria-hidden=\"true\" class=\"wp-block-spacer\"><\/div>\n\n\n\n<p><strong>Konstruktion&nbsp;<\/strong>als Ausdruck?<\/p>\n\n\n\n<p>Welchen Einfluss haben Strategien eines ressourcenschonenden Bauens, wenn wir unter dem Begriff der Konstruktion ein bestimmendes, ordnendes und gestaltgebendes Prinzip der Architektur verstehen wollen. Inwiefern tragen neue Konstruktionen auch zu einem ver\u00e4nderten archi-tektonischen Ausdruck bei?<\/p>\n\n\n\n<p>G\u00e4ste: Reem Almannai, J\u00fcrg Graser, Markus Peter<\/p>\n\n\n\n<p><strong>Zur Aufzeichnung: <\/strong>[icon name=&#8220;youtube&#8220; prefix=&#8220;fab&#8220;]<strong> <a rel=\"noreferrer noopener\" href=\"https:\/\/www.youtube.com\/watch?v=Et8JeeFt9Xk&amp;t=47s\" data-type=\"URL\" data-id=\"https:\/\/www.youtube.com\/watch?v=Et8JeeFt9Xk&amp;t=47s\" target=\"_blank\">Video<\/a> \/ <\/strong>[icon name=&#8220;music&#8220; prefix=&#8220;fas&#8220;]<strong> <a rel=\"noreferrer noopener\" href=\"https:\/\/anchor.fm\/identitaetderarchitektur\/episodes\/IdA-Intermezzo--Konstruktion-als-Ausdruck-e14auv5\" data-type=\"URL\" data-id=\"https:\/\/anchor.fm\/identitaetderarchitektur\/episodes\/IdA-Intermezzo--Konstruktion-als-Ausdruck-e14auv5\" target=\"_blank\">Audio<\/a><\/strong><\/p>\n\n\n\n<div style=\"height:40px\" aria-hidden=\"true\" class=\"wp-block-spacer\"><\/div>\n\n\n\n<p id=\"publikation\"><strong>Publikation<\/strong><br>Das Buch zum INTERMEZZO erscheint zur Tagung &#8222;Raum&#8220; am 23.06.2022. Erh\u00e4ltlich vor Ort und in der Buchhandlung Walther K\u00f6nig.<\/p>\n\n\n\n<div style=\"height:40px\" aria-hidden=\"true\" class=\"wp-block-spacer\"><\/div>\n\n\n\n<p id=\"partner\"><strong>Partner<\/strong><\/p>\n\n\n\n<div style=\"height:10px\" aria-hidden=\"true\" class=\"wp-block-spacer\"><\/div>\n\n\n\n<figure class=\"wp-block-image size-full is-resized\"><img loading=\"lazy\" decoding=\"async\" src=\"https:\/\/ida.rwth-aachen.de\/wp-content\/uploads\/2016\/09\/dfg_logo_gr.png\" alt=\"Deutsche Forschungsgemeinschaft Logo\" class=\"wp-image-967\" width=\"186\" height=\"24\" srcset=\"https:\/\/ida.rwth-aachen.de\/wp-content\/uploads\/2016\/09\/dfg_logo_gr.png 504w, https:\/\/ida.rwth-aachen.de\/wp-content\/uploads\/2016\/09\/dfg_logo_gr-200x26.png 200w\" sizes=\"auto, (max-width: 186px) 100vw, 186px\" \/><\/figure>\n\n\n\n<figure class=\"wp-block-image size-full is-resized\"><img loading=\"lazy\" decoding=\"async\" src=\"https:\/\/ida.rwth-aachen.de\/wp-content\/uploads\/2021\/01\/bda_neu.png\" alt=\"\" class=\"wp-image-3584\" width=\"145\" height=\"35\"\/><\/figure>\n\n\n\n<figure class=\"wp-block-image size-medium is-resized\"><img loading=\"lazy\" decoding=\"async\" src=\"https:\/\/ida.rwth-aachen.de\/wp-content\/uploads\/2016\/09\/werkbund-logos-400x194.png\" alt=\"\" class=\"wp-image-1617\" width=\"62\" height=\"30\" srcset=\"https:\/\/ida.rwth-aachen.de\/wp-content\/uploads\/2016\/09\/werkbund-logos-400x194.png 400w, https:\/\/ida.rwth-aachen.de\/wp-content\/uploads\/2016\/09\/werkbund-logos-768x373.png 768w, https:\/\/ida.rwth-aachen.de\/wp-content\/uploads\/2016\/09\/werkbund-logos.png 1000w\" sizes=\"auto, (max-width: 62px) 100vw, 62px\" \/><\/figure>\n\n\n\n<figure class=\"wp-block-image size-medium is-resized\"><img loading=\"lazy\" decoding=\"async\" src=\"https:\/\/ida.rwth-aachen.de\/wp-content\/uploads\/2016\/09\/stadtbaukultur_90-400x200.png\" alt=\"stadtbaukultur_logo\" class=\"wp-image-1791\" width=\"60\" height=\"30\" srcset=\"https:\/\/ida.rwth-aachen.de\/wp-content\/uploads\/2016\/09\/stadtbaukultur_90-400x200.png 400w, https:\/\/ida.rwth-aachen.de\/wp-content\/uploads\/2016\/09\/stadtbaukultur_90-768x385.png 768w, https:\/\/ida.rwth-aachen.de\/wp-content\/uploads\/2016\/09\/stadtbaukultur_90-1024x513.png 1024w, https:\/\/ida.rwth-aachen.de\/wp-content\/uploads\/2016\/09\/stadtbaukultur_90.png 1072w\" sizes=\"auto, (max-width: 60px) 100vw, 60px\" \/><\/figure>\n\n\n\n<div style=\"height:10px\" aria-hidden=\"true\" class=\"wp-block-spacer\"><\/div>\n\n\n\n<figure class=\"wp-block-image size-full is-resized\"><img loading=\"lazy\" decoding=\"async\" src=\"https:\/\/ida.rwth-aachen.de\/wp-content\/uploads\/2016\/09\/bauwelt_logo.png\" alt=\"\" class=\"wp-image-315\" width=\"132\" height=\"25\" srcset=\"https:\/\/ida.rwth-aachen.de\/wp-content\/uploads\/2016\/09\/bauwelt_logo.png 409w, https:\/\/ida.rwth-aachen.de\/wp-content\/uploads\/2016\/09\/bauwelt_logo-300x56.png 300w\" sizes=\"auto, (max-width: 132px) 100vw, 132px\" \/><\/figure>\n\n\n\n<figure class=\"wp-block-image size-large is-resized\"><img loading=\"lazy\" decoding=\"async\" src=\"https:\/\/ida.rwth-aachen.de\/wp-content\/uploads\/2020\/02\/architekt_logo-3-1024x200.png\" alt=\"\" class=\"wp-image-3448\" width=\"154\" height=\"30\" srcset=\"https:\/\/ida.rwth-aachen.de\/wp-content\/uploads\/2020\/02\/architekt_logo-3-1024x200.png 1024w, https:\/\/ida.rwth-aachen.de\/wp-content\/uploads\/2020\/02\/architekt_logo-3-400x78.png 400w, https:\/\/ida.rwth-aachen.de\/wp-content\/uploads\/2020\/02\/architekt_logo-3-768x150.png 768w, https:\/\/ida.rwth-aachen.de\/wp-content\/uploads\/2020\/02\/architekt_logo-3-1536x300.png 1536w, https:\/\/ida.rwth-aachen.de\/wp-content\/uploads\/2020\/02\/architekt_logo-3.png 1842w\" sizes=\"auto, (max-width: 154px) 100vw, 154px\" \/><\/figure>\n\n\n\n<figure class=\"wp-block-image size-full is-resized\"><img loading=\"lazy\" decoding=\"async\" src=\"https:\/\/ida.rwth-aachen.de\/wp-content\/uploads\/2016\/09\/archithese_kontext-1.png\" alt=\"archithese logo\" class=\"wp-image-1165\" width=\"37\" height=\"30\"\/><\/figure>\n\n\n\n<p><\/p>\n","protected":false},"excerpt":{"rendered":"<p>INTERMEZZO28. + 29. Januar 2021&#8211;Gespr\u00e4chePublikationPartner IntermezzoIn diesem Jahr wollen wir die ver\u00e4nderte und sich weiter ver\u00e4ndernde Lebenswirklichkeit zum Anlass nehmen, die Tagungsreihe&nbsp;Identit\u00e4t der Architektur&nbsp;mit einem digitalen Intermezzo zu unterbrechen. Die bisher in der Aachener Tagung behandelten Grundbegriffe Ort, Material, Funktion und Konstruktion stiften Ausgangspunkte f\u00fcr vier Gespr\u00e4che \u00fcber&nbsp;Architektur \u2013 zwischen Resilienz und Adaptivit\u00e4t. Ort&nbsp;des Wohnens? &hellip; <a href=\"https:\/\/ida.rwth-aachen.de\/?page_id=3845\" class=\"more-link\">Continue reading <span class=\"screen-reader-text\">Archiv: 2021 &#8211; INTERMEZZO<\/span><\/a><\/p>\n","protected":false},"author":1,"featured_media":0,"parent":0,"menu_order":2,"comment_status":"closed","ping_status":"closed","template":"","meta":{"footnotes":""},"class_list":["post-3845","page","type-page","status-publish","hentry"],"post_mailing_queue_ids":[],"_links":{"self":[{"href":"https:\/\/ida.rwth-aachen.de\/index.php?rest_route=\/wp\/v2\/pages\/3845","targetHints":{"allow":["GET"]}}],"collection":[{"href":"https:\/\/ida.rwth-aachen.de\/index.php?rest_route=\/wp\/v2\/pages"}],"about":[{"href":"https:\/\/ida.rwth-aachen.de\/index.php?rest_route=\/wp\/v2\/types\/page"}],"author":[{"embeddable":true,"href":"https:\/\/ida.rwth-aachen.de\/index.php?rest_route=\/wp\/v2\/users\/1"}],"replies":[{"embeddable":true,"href":"https:\/\/ida.rwth-aachen.de\/index.php?rest_route=%2Fwp%2Fv2%2Fcomments&post=3845"}],"version-history":[{"count":27,"href":"https:\/\/ida.rwth-aachen.de\/index.php?rest_route=\/wp\/v2\/pages\/3845\/revisions"}],"predecessor-version":[{"id":4421,"href":"https:\/\/ida.rwth-aachen.de\/index.php?rest_route=\/wp\/v2\/pages\/3845\/revisions\/4421"}],"wp:attachment":[{"href":"https:\/\/ida.rwth-aachen.de\/index.php?rest_route=%2Fwp%2Fv2%2Fmedia&parent=3845"}],"curies":[{"name":"wp","href":"https:\/\/api.w.org\/{rel}","templated":true}]}}