{"id":1438,"date":"2017-03-22T15:16:36","date_gmt":"2017-03-22T14:16:36","guid":{"rendered":"http:\/\/ida.rwth-aachen.de\/?page_id=1438"},"modified":"2024-10-03T18:29:32","modified_gmt":"2024-10-03T16:29:32","slug":"2017-ort","status":"publish","type":"page","link":"https:\/\/ida.rwth-aachen.de\/?page_id=1438","title":{"rendered":"Archiv: 2017 \u2013 Ort"},"content":{"rendered":"<p><a href=\"http:\/\/ida.rwth-aachen.de\/wp-content\/uploads\/2017\/01\/IdA_Plakat_11.1.pdf\" target=\"_blank\" rel=\"noopener\"><img decoding=\"async\" class=\"alignleft wp-image-1449\" style=\"border: 7px solid white;\" src=\"http:\/\/ida.rwth-aachen.de\/wp-content\/uploads\/2017\/03\/IdA_Plakat_11.jpg\" alt=\"ida_poster_17_pre\" width=\"200px\" height=\"300px\" \/><\/a><br \/>\n<strong>Ort<br \/>\n<\/strong>1. Aachener Tagung<br \/>\n26. \u2013 27. Januar 2017<br \/>\n&#8211;<br \/>\n<a href=\"#thema\">Thema<\/a><br \/>\n<a href=\"#rueckschau\">R\u00fcckschau<\/a><br \/>\n<a href=\"#vortraege\">Vortr\u00e4ge \/ Videos<\/a><br \/>\n<a href=\"#publikation\">Publikation<\/a><\/p>\n<h2><\/h2>\n<p><strong id=\"thema\">Thema<\/strong><br \/>\nDie erste Tagung thematisiert den Ort als eine der grunds\u00e4tzlichen Einflussgr\u00f6\u00dfen beim Entwurf und Bau von Architektur und Stadt. Gebaute Architektur ist immer an einen realen Ort gebunden. Durch die Eigenheiten des Ortes erfolgt die Individualisierung der Aufgabe, entsteht die Besonderheit die nur im Dialog und in Bezugnahme auf den physischen Kontext erschlossen werden kann. Die Auseinandersetzung mit dem Umfeld erfordert beides, die Wertsch\u00e4tzung des Vorhandenen als auch das Bewusstsein, dass Architektur die gesellschaftlichen Voraussetzungen und technischen M\u00f6glichkeiten ihrer Zeit spiegelt und somit immer auch Ver\u00e4nderung bedeutet.<br \/>\n<span class=\"collapseomatic noarrow\" id=\"id69e173ebb834d\"  tabindex=\"0\" title=\"mehr lesen...\"    >mehr lesen...<\/span><span id='swap-id69e173ebb834d'  class='colomat-swap' style='display:none;'>weniger lesen...<\/span><div id=\"target-id69e173ebb834d\" class=\"collapseomatic_content \">\n<p>Wie verh\u00e4lt sich das Neue am Ort?<br \/>\nWie wird auf r\u00e4umlich-lokale Aspekte R\u00fccksicht genommen?<br \/>\nWie gelingt es besondere Orte der Identit\u00e4t zu schaffen? Ist es nur vermeintlich ein Widerspruch, dass die ansteigende Individualisierung der Architektur zwar einerseits zu immer neuen Orten, dabei aber andererseits zu immer gleichen Orten f\u00fchrt? In jeder Gegend entstehen Orte dieser Art, nicht nur in ein und derselben Stadt, sondern auch von Stadt zu Stadt, von Land zu Land usw. Es ist die um sich greifende Form der \u201eOrtlosigkeit\u201c, die Architektur und mit ihr ganze Stra\u00dfen, Pl\u00e4tze und Felder als Orte auswechselbar erscheinen l\u00e4sst. Ist daf\u00fcr vielleicht ein fehlendes Bewusstsein f\u00fcr das Hier und Da, f\u00fcr die Eigent\u00fcmlichkeit des dem Entwurf und dem Bau jeweils vorausgegangenen Ortes verantwortlich? Erzeugt das \u00dcberhandnehmen solcher Nichtorte allm\u00e4hlich eine ver\u00e4nderte, neue Sensibilit\u00e4t der Profession gegen\u00fcber dem Ort?<\/p>\n<p>Unter dem Thema \u201eOrt\u201c geht die Konferenz dieser Frage nach dem Ortsbezug der Architektur und seiner m\u00f6glichen Verankerung innerhalb der Disziplin nach. Wie kann man den Ort verstehen und seinen Anspruch, den er an die Architektur stellt; wie kann die Architektur auf den Ort reagieren?<\/p>\n<p>Unter drei vorgegebenen Fragestellungen und anhand beispielhafter, gebauter Projekte sollen die verschiedenen Positionen im Umgang mit dem Ort aufgezeigt und zur Diskussion gestellt werden.<\/p>\n<p>1. Der vorgefundene Ort<br \/>\nWie l\u00e4sst sich Wissen um das Potential eines Ortes generieren; welches waren die Methoden und Instrumente, mit denen der Ort erforscht und f\u00fcr den Entwurf relevant wurde; wie konnte der Ort beschrieben, erfasst und aufgenommen werden; welche Bedeutung hatte der Ort?<\/p>\n<p>2. Der entwurfliche Ort<br \/>\nWelchen konkreten Einfluss hatten die Gegebenheiten und\/oder Bedingungen des Ortes f\u00fcr den Entwurf; wie wurden die Erkenntnisse in das Entwerfen und den Entwurf transferiert; welche Ideen, Strategien und Konzepte spielten eine konkrete Rolle; welchen Einfluss hat der Ort auf die architektonische Sprache?<\/p>\n<p>3. Der gebaute Ort<br \/>\nWie wurde der Bau mit dem Ort verbunden und an die r\u00e4umliche Situation angeschlossen; welche \u00dcberlegungen und Techniken kamen zum Einsatz; welche Bedeutung hat der Ort und der Bau f\u00fcr den Ort; welche architektonischen Mittel wurden verwendet und\/oder entwickelt, um auf den Ort zu reagieren?<br \/>\n<\/div>\n<h2><\/h2>\n<p><strong id=\"rueckschau\">R\u00fcckschau<\/strong><\/p>\n<div class=\"brlbs-cmpnt-container brlbs-cmpnt-content-blocker brlbs-cmpnt-with-individual-styles\" data-borlabs-cookie-content-blocker-id=\"youtube-content-blocker\" data-borlabs-cookie-content=\"PGlmcmFtZSBzcmM9Imh0dHBzOi8vd3d3LnlvdXR1YmUtbm9jb29raWUuY29tL2VtYmVkL19HUG5RTFUtY2h3P3JlbD0wIiB3aWR0aD0iNjQwIiBoZWlnaHQ9IjMyMCIgZnJhbWVib3JkZXI9IjAiIGFsbG93ZnVsbHNjcmVlbj0iYWxsb3dmdWxsc2NyZWVuIj48L2lmcmFtZT4=\">\n<div class=\"brlbs-cmpnt-cb-preset-c brlbs-cmpnt-cb-youtube\">\n<div class=\"brlbs-cmpnt-cb-thumbnail\" style=\"background-image: url('https:\/\/ida.rwth-aachen.de\/wp-content\/uploads\/borlabs-cookie\/1\/yt__GPnQLU-chw_hqdefault.jpg')\"><\/div>\n<div class=\"brlbs-cmpnt-cb-main\">\n<div class=\"brlbs-cmpnt-cb-play-button\"><\/div>\n<div class=\"brlbs-cmpnt-cb-content\">\n<p class=\"brlbs-cmpnt-cb-description\">Sie sehen gerade einen Platzhalterinhalt von <strong>YouTube<\/strong>. Um auf den eigentlichen Inhalt zuzugreifen, klicken Sie auf die Schaltfl\u00e4che unten. Bitte beachten Sie, dass dabei Daten an Drittanbieter weitergegeben werden.<\/p>\n<p> <a class=\"brlbs-cmpnt-cb-provider-toggle\" href=\"#\" data-borlabs-cookie-show-provider-information role=\"button\">Mehr Informationen<\/a> <\/div>\n<div class=\"brlbs-cmpnt-cb-buttons\"> <a class=\"brlbs-cmpnt-cb-btn\" href=\"#\" data-borlabs-cookie-unblock role=\"button\">Inhalt entsperren<\/a> <a class=\"brlbs-cmpnt-cb-btn\" href=\"#\" data-borlabs-cookie-accept-service role=\"button\" style=\"display: inherit\">Erforderlichen Service akzeptieren und Inhalte entsperren<\/a> <\/div>\n<\/p><\/div>\n<\/p><\/div>\n<\/div>\n<h2><\/h2>\n<p><strong id=\"vortraege\">Vortr\u00e4ge<\/strong><br \/>\n<strong>1. Tag: 26. Januar 2017<\/strong><\/p>\n<h2><\/h2>\n<ul id=\"vortraege-liste\">\n<li>\n<div class=\"brlbs-cmpnt-container brlbs-cmpnt-content-blocker brlbs-cmpnt-with-individual-styles\" data-borlabs-cookie-content-blocker-id=\"youtube-content-blocker\" data-borlabs-cookie-content=\"PGlmcmFtZSBzcmM9Imh0dHBzOi8vd3d3LnlvdXR1YmUtbm9jb29raWUuY29tL2VtYmVkL3ZpZGVvc2VyaWVzP2xpc3Q9UEw5WHFOcm5lNXBkSThxUkg5dGk2dGpmSzkxOW9rYUtlXyIgd2lkdGg9IjU3MCIgaGVpZ2h0PSIzMjAiIGZyYW1lYm9yZGVyPSIwIiBhbGxvd2Z1bGxzY3JlZW49ImFsbG93ZnVsbHNjcmVlbiI+PC9pZnJhbWU+\">\n<div class=\"brlbs-cmpnt-cb-preset-c brlbs-cmpnt-cb-youtube\">\n<div class=\"brlbs-cmpnt-cb-thumbnail\" style=\"background-image: url('https:\/\/ida.rwth-aachen.de\/wp-content\/uploads\/borlabs-cookie\/1\/brlbs-cb-youtube-main.png')\"><\/div>\n<div class=\"brlbs-cmpnt-cb-main\">\n<div class=\"brlbs-cmpnt-cb-play-button\"><\/div>\n<div class=\"brlbs-cmpnt-cb-content\">\n<p class=\"brlbs-cmpnt-cb-description\">Sie sehen gerade einen Platzhalterinhalt von <strong>YouTube<\/strong>. Um auf den eigentlichen Inhalt zuzugreifen, klicken Sie auf die Schaltfl\u00e4che unten. Bitte beachten Sie, dass dabei Daten an Drittanbieter weitergegeben werden.<\/p>\n<p> <a class=\"brlbs-cmpnt-cb-provider-toggle\" href=\"#\" data-borlabs-cookie-show-provider-information role=\"button\">Mehr Informationen<\/a> <\/div>\n<div class=\"brlbs-cmpnt-cb-buttons\"> <a class=\"brlbs-cmpnt-cb-btn\" href=\"#\" data-borlabs-cookie-unblock role=\"button\">Inhalt entsperren<\/a> <a class=\"brlbs-cmpnt-cb-btn\" href=\"#\" data-borlabs-cookie-accept-service role=\"button\" style=\"display: inherit\">Erforderlichen Service akzeptieren und Inhalte entsperren<\/a> <\/div>\n<\/p><\/div>\n<\/p><\/div>\n<\/div>\n<\/li>\n<\/ul>\n<p>Gru\u00dfwort: Alexander Markschies, Dekan der Fakult\u00e4t f\u00fcr Architektur<br \/>\nZur Einf\u00fchrung: Hartwig Schneider und Uwe Schr\u00f6der<\/p>\n<h2><\/h2>\n<ul id=\"vortraege-liste\">\n<li>Zur Einf\u00fchrung: Vortrag von Paolo Zermani<\/li>\n<\/ul>\n<ul id=\"vortraege-liste\">\n<li>Meili Peter Architekten \u2013 Sprengel Museum Hannover<\/li>\n<li>F 29 Architekten \u2013 Mediathek der Kunsthochschule Halle<\/li>\n<li>Bayer &amp; Strobel \u2013 Aussegnungshalle Ingelheim<\/li>\n<li>Modulorbeat \u2013 One Man Sauna in Bochum<\/li>\n<\/ul>\n<ul id=\"vortraege-liste\">\n<li>Hild und K Architekten \u2013 Umspannwerk in M\u00fcnchen<\/li>\n<li>Diener &amp; Diener \u2013 Ostfl\u00fcgel des Museums f\u00fcr Naturkunde Berlin<\/li>\n<li>Wandel Lorch Architekten \u2013 Neue Synagoge Dresden<\/li>\n<li>Schulz und Schulz \u2013 St. Trinitatis in Leipzig<\/li>\n<\/ul>\n<ul id=\"vortraege-liste\">\n<li>Bruno Fioretti Marquez \u2013 Mittelpunktbibliothek Berlin<\/li>\n<li>ROBERTNEUN \u2013 Am Lokdepot 123 in Berlin<\/li>\n<li>Max Dudler \u2013 Eingangsgeb\u00e4ude der Firma Dr\u00e4ger<\/li>\n<li>MGF Architekten \u2013 Mensa in Greifswald<\/li>\n<\/ul>\n<ul id=\"vortraege-liste\">\n<li>Eun Young Yi \u2013 Stadtbibliothek Stuttgart<\/li>\n<li>Bolles + Wilson \u2013 Two Harbour Buildings in M\u00fcnster<\/li>\n<li>Thomas Kr\u00f6ger \u2013 Schwarzes Haus in der Uckermark<\/li>\n<\/ul>\n<p>Podiumsdiskussion mit Markus Peter, Christian Rapp, Tom Friedrich moderiert von Ursula Baus und Ulrich Brinkmann<\/p>\n<h2><\/h2>\n<p><strong>2. Tag: 27. Januar 2017<\/strong><\/p>\n<h2><\/h2>\n<ul id=\"vortraege-liste\">\n<li>\n<div class=\"brlbs-cmpnt-container brlbs-cmpnt-content-blocker brlbs-cmpnt-with-individual-styles\" data-borlabs-cookie-content-blocker-id=\"youtube-content-blocker\" data-borlabs-cookie-content=\"PGlmcmFtZSBzcmM9Imh0dHBzOi8vd3d3LnlvdXR1YmUtbm9jb29raWUuY29tL2VtYmVkL3ZpZGVvc2VyaWVzP2xpc3Q9UEw5WHFOcm5lNXBkSUZBRlBtazVvTjNqS0MybkstQmMxTiIgd2lkdGg9IjU3MCIgaGVpZ2h0PSIzMjAiIGZyYW1lYm9yZGVyPSIwIiBhbGxvd2Z1bGxzY3JlZW49ImFsbG93ZnVsbHNjcmVlbiI+PC9pZnJhbWU+\">\n<div class=\"brlbs-cmpnt-cb-preset-c brlbs-cmpnt-cb-youtube\">\n<div class=\"brlbs-cmpnt-cb-thumbnail\" style=\"background-image: url('https:\/\/ida.rwth-aachen.de\/wp-content\/uploads\/borlabs-cookie\/1\/brlbs-cb-youtube-main.png')\"><\/div>\n<div class=\"brlbs-cmpnt-cb-main\">\n<div class=\"brlbs-cmpnt-cb-play-button\"><\/div>\n<div class=\"brlbs-cmpnt-cb-content\">\n<p class=\"brlbs-cmpnt-cb-description\">Sie sehen gerade einen Platzhalterinhalt von <strong>YouTube<\/strong>. Um auf den eigentlichen Inhalt zuzugreifen, klicken Sie auf die Schaltfl\u00e4che unten. Bitte beachten Sie, dass dabei Daten an Drittanbieter weitergegeben werden.<\/p>\n<p> <a class=\"brlbs-cmpnt-cb-provider-toggle\" href=\"#\" data-borlabs-cookie-show-provider-information role=\"button\">Mehr Informationen<\/a> <\/div>\n<div class=\"brlbs-cmpnt-cb-buttons\"> <a class=\"brlbs-cmpnt-cb-btn\" href=\"#\" data-borlabs-cookie-unblock role=\"button\">Inhalt entsperren<\/a> <a class=\"brlbs-cmpnt-cb-btn\" href=\"#\" data-borlabs-cookie-accept-service role=\"button\" style=\"display: inherit\">Erforderlichen Service akzeptieren und Inhalte entsperren<\/a> <\/div>\n<\/p><\/div>\n<\/p><\/div>\n<\/div>\n<\/li>\n<\/ul>\n<p>Zur Einf\u00fchrung: Hartwig Schneider und Uwe Schr\u00f6der<\/p>\n<h2><\/h2>\n<ul id=\"vortraege-liste\">\n<li>Brandlhuber+ Emde, Burlon \u2013 Antivilla in Krampnitz<\/li>\n<li>Springer Architekten \u2013 Neues Museum L\u00fcneburg<\/li>\n<li>jessenvollenweider \u2013 Uhrenmanufaktur in Glash\u00fctte<\/li>\n<li>Christoph M\u00e4ckler \u2013 Deutsches Romantik-Museum Frankfurt<\/li>\n<\/ul>\n<ul id=\"vortraege-liste\">\n<li>M\u00fcller Reimann Architekten \u2013 Bauhaus Halensee<\/li>\n<li>zanderroth architekten \u2013 Wohnhaus Christinenstra\u00dfe in Berlin<\/li>\n<li>Kahlfeldt Architekten \u2013 Wohnhaus in Berlin<\/li>\n<li>VON M \u2013 Museum Luthers Sterbehaus in Eisleben<\/li>\n<\/ul>\n<ul>\n<li>Beer Bemb\u00e9 Dellinger \u2013 Neue Ortsmitte Wettstetten<\/li>\n<li>Paul B\u00f6hm \u2013 Seminargeb\u00e4ude der Universit\u00e4t zu K\u00f6ln<\/li>\n<li>O&amp;O Baukunst \u2013 Landesarchiv NRW in Duisburg<\/li>\n<li>Kuehn Malvezzi \u2013 Friedrich Christian Flick Collection in Berlin<\/li>\n<\/ul>\n<ul>\n<li>kleyer.koblitz.letzel.freivogel \u2013 Kita Kinderland in Wittstock\/Dosse<\/li>\n<li>Hans Kollhoff \u2013 Generali Deutschland in K\u00f6ln<\/li>\n<li>Lederer Ragnarsd\u00f3ttir Oei \u2013 Bischh\u00f6fliches Ordinariat Rottenburg<\/li>\n<li>Kleihues + Kleihues \u2013 Zentrale des BND in Berlin<\/li>\n<\/ul>\n<p>Podiumsdiskussion mit Paul B\u00f6hm, Hans Kollhoff, Arno Lederer und Fritz Barth moderiert von Jasper Cepl und J\u00f8rg Himmelreich<\/p>\n<p><strong id=\"publikation\">Publikation<\/strong><\/p>\n<p><img loading=\"lazy\" decoding=\"async\" class=\"alignleft size-medium wp-image-2264\" src=\"http:\/\/ida.rwth-aachen.de\/wp-content\/uploads\/2018\/04\/Bildschirmfoto-2018-04-03-um-16.31.07-400x488.png\" alt=\"\" width=\"200\" height=\"244\" srcset=\"https:\/\/ida.rwth-aachen.de\/wp-content\/uploads\/2018\/04\/Bildschirmfoto-2018-04-03-um-16.31.07-400x488.png 400w, https:\/\/ida.rwth-aachen.de\/wp-content\/uploads\/2018\/04\/Bildschirmfoto-2018-04-03-um-16.31.07-768x936.png 768w, https:\/\/ida.rwth-aachen.de\/wp-content\/uploads\/2018\/04\/Bildschirmfoto-2018-04-03-um-16.31.07-492x600.png 492w, https:\/\/ida.rwth-aachen.de\/wp-content\/uploads\/2018\/04\/Bildschirmfoto-2018-04-03-um-16.31.07.png 1068w\" sizes=\"auto, (max-width: 200px) 100vw, 200px\" \/><\/p>\n<p>Herausgeber: Uwe Schr\u00f6der, Hartwig Schneider<br \/>\nTitel: Identit\u00e4t der Architektur. I. Ort. Positionen zum Ortsbezug in der Architektur<br \/>\nVerlag: Verlag der Buchhandlung Walther K\u00f6nig, K\u00f6ln<br \/>\nOrt: K\u00f6ln<br \/>\nDatum: 2018<br \/>\nISBN: 978-3-96098-299-9<br \/>\n140 Seiten<\/p>\n<p>Zu erwerben in der Buchhandlung Walther K\u00f6nig und im <a href=\"http:\/\/bauko.arch.rwth-aachen.de\" target=\"_blank\" rel=\"noopener\">Lehrstuhl Baukonstruktion<\/a> bzw. <a href=\"http:\/\/raum.arch.rwth-aachen.de\" target=\"_blank\" rel=\"noopener\">Lehr- und Forschungsgebiet Raumgestaltung<\/a>.<\/p>\n<h2><\/h2>\n<p><strong id=\"#\">Mit freundlicher Unterst\u00fctzung durch<\/strong><\/p>\n<p><a href=\"http:\/\/www.dfg.de\" target=\"_blank\" rel=\"noopener\"><img loading=\"lazy\" decoding=\"async\" class=\"alignnone wp-image-967\" title=\"DFG \u2013 Deutsche Forschungsgemeinschaft\" src=\"http:\/\/ida.rwth-aachen.de\/wp-content\/uploads\/2016\/09\/dfg_logo_gr-200x26.png\" alt=\"Deutsche Forschungsgemeinschaft Logo\" width=\"194\" height=\"25\" srcset=\"https:\/\/ida.rwth-aachen.de\/wp-content\/uploads\/2016\/09\/dfg_logo_gr-200x26.png 200w, https:\/\/ida.rwth-aachen.de\/wp-content\/uploads\/2016\/09\/dfg_logo_gr.png 504w\" sizes=\"auto, (max-width: 194px) 100vw, 194px\" \/><\/a><\/p>\n<p><a href=\"http:\/\/www.aachen.de\" target=\"_blank\" rel=\"noopener\"><img loading=\"lazy\" decoding=\"async\" class=\"alignleft wp-image-1010\" title=\"stadt aachen\" src=\"http:\/\/ida.rwth-aachen.de\/wp-content\/uploads\/2016\/09\/logo-stadt-aachen-400x241.png\" alt=\"Stadt Aachen\" width=\"66\" height=\"40\" srcset=\"https:\/\/ida.rwth-aachen.de\/wp-content\/uploads\/2016\/09\/logo-stadt-aachen-400x241.png 400w, https:\/\/ida.rwth-aachen.de\/wp-content\/uploads\/2016\/09\/logo-stadt-aachen-768x462.png 768w, https:\/\/ida.rwth-aachen.de\/wp-content\/uploads\/2016\/09\/logo-stadt-aachen-997x600.png 997w, https:\/\/ida.rwth-aachen.de\/wp-content\/uploads\/2016\/09\/logo-stadt-aachen-825x510.png 825w, https:\/\/ida.rwth-aachen.de\/wp-content\/uploads\/2016\/09\/logo-stadt-aachen.png 1034w\" sizes=\"auto, (max-width: 66px) 100vw, 66px\" \/><\/a><a href=\"http:\/\/bda-nrw.de\" target=\"_blank\" rel=\"noopener\"><img loading=\"lazy\" decoding=\"async\" class=\"alignleft wp-image-803\" title=\"BDA Nordrhein-Westfalen\" src=\"https:\/\/ida.rwth-aachen.de\/wp-content\/uploads\/2021\/01\/bda_neu-e1649235144701.png\" alt=\"BDA NRW\" width=\"221\" height=\"25\" \/><\/a><a href=\"http:\/\/www.deutscher-werkbund.de\"><img loading=\"lazy\" decoding=\"async\" class=\"alignleft wp-image-1617\" src=\"http:\/\/ida.rwth-aachen.de\/wp-content\/uploads\/2016\/09\/werkbund-logos.png\" alt=\"\" width=\"82\" height=\"40\" srcset=\"https:\/\/ida.rwth-aachen.de\/wp-content\/uploads\/2016\/09\/werkbund-logos.png 1000w, https:\/\/ida.rwth-aachen.de\/wp-content\/uploads\/2016\/09\/werkbund-logos-400x194.png 400w, https:\/\/ida.rwth-aachen.de\/wp-content\/uploads\/2016\/09\/werkbund-logos-768x373.png 768w\" sizes=\"auto, (max-width: 82px) 100vw, 82px\" \/><\/a><\/p>\n<p><a href=\"http:\/\/www.bauwelt.de\" target=\"_blank\" rel=\"noopener\"><img loading=\"lazy\" decoding=\"async\" class=\"alignleft wp-image-315\" title=\"Bauwelt\" src=\"http:\/\/ida.rwth-aachen.de\/wp-content\/uploads\/2016\/09\/bauwelt_logo-300x56.png\" alt=\"Bauwelt\" width=\"117\" height=\"22\" srcset=\"https:\/\/ida.rwth-aachen.de\/wp-content\/uploads\/2016\/09\/bauwelt_logo-300x56.png 300w, https:\/\/ida.rwth-aachen.de\/wp-content\/uploads\/2016\/09\/bauwelt_logo.png 409w\" sizes=\"auto, (max-width: 117px) 100vw, 117px\" \/><\/a><a href=\"http:\/\/www.archithese.ch\" target=\"_blank\" rel=\"noopener\"><img loading=\"lazy\" decoding=\"async\" class=\"wp-image-1165 alignleft\" title=\"archithese\" src=\"http:\/\/ida.rwth-aachen.de\/wp-content\/uploads\/2016\/09\/archithese_kontext-1.png\" alt=\"archithese logo\" width=\"37\" height=\"30\" \/><\/a><a href=\"http:\/\/www.marlowes.de\" target=\"_blank\" rel=\"noopener\"><img loading=\"lazy\" decoding=\"async\" class=\"alignleft wp-image-1219\" title=\"marlowes,\" src=\"http:\/\/ida.rwth-aachen.de\/wp-content\/uploads\/2016\/09\/marlowes.png\" alt=\"marlowes\" width=\"121\" height=\"27\" \/><\/a><\/p>\n<p><a href=\"http:\/\/www.velux.de\" target=\"_blank\" rel=\"noopener\"><img loading=\"lazy\" decoding=\"async\" class=\"alignleft wp-image-843\" title=\"VELUX\" src=\"http:\/\/ida.rwth-aachen.de\/wp-content\/uploads\/2016\/09\/velux-200x67.png\" alt=\"Velux\" width=\"84\" height=\"28\" srcset=\"https:\/\/ida.rwth-aachen.de\/wp-content\/uploads\/2016\/09\/velux-200x67.png 200w, https:\/\/ida.rwth-aachen.de\/wp-content\/uploads\/2016\/09\/velux.png 213w\" sizes=\"auto, (max-width: 84px) 100vw, 84px\" \/><\/a><a href=\"http:\/\/de.vola.com\" target=\"_blank\" rel=\"noopener\"><img loading=\"lazy\" decoding=\"async\" class=\"alignleft wp-image-842\" title=\"vola\" src=\"http:\/\/ida.rwth-aachen.de\/wp-content\/uploads\/2016\/09\/vola-200x88.png\" alt=\"Vola\" width=\"57\" height=\"25\" srcset=\"https:\/\/ida.rwth-aachen.de\/wp-content\/uploads\/2016\/09\/vola-200x88.png 200w, https:\/\/ida.rwth-aachen.de\/wp-content\/uploads\/2016\/09\/vola.png 391w\" sizes=\"auto, (max-width: 57px) 100vw, 57px\" \/><\/a><\/p>\n<p><a href=\"http:\/\/www.jung.de\" target=\"_blank\" rel=\"noopener\"><img loading=\"lazy\" decoding=\"async\" class=\"alignleft wp-image-738\" title=\"JUNG\" src=\"http:\/\/ida.rwth-aachen.de\/wp-content\/uploads\/2016\/09\/JUNG_LOGO_Grey.png\" alt=\"JUNG Logo\" width=\"92\" height=\"23\" srcset=\"https:\/\/ida.rwth-aachen.de\/wp-content\/uploads\/2016\/09\/JUNG_LOGO_Grey.png 2000w, https:\/\/ida.rwth-aachen.de\/wp-content\/uploads\/2016\/09\/JUNG_LOGO_Grey-200x50.png 200w, https:\/\/ida.rwth-aachen.de\/wp-content\/uploads\/2016\/09\/JUNG_LOGO_Grey-768x192.png 768w, https:\/\/ida.rwth-aachen.de\/wp-content\/uploads\/2016\/09\/JUNG_LOGO_Grey-1024x256.png 1024w\" sizes=\"auto, (max-width: 92px) 100vw, 92px\" \/><\/a><a href=\"http:\/\/www.wilkhahn.de\" target=\"_blank\" rel=\"noopener\"><img loading=\"lazy\" decoding=\"async\" class=\"alignleft wp-image-863\" title=\"Wilkhahn\" src=\"http:\/\/ida.rwth-aachen.de\/wp-content\/uploads\/2016\/09\/wilkhahn-200x36.png\" alt=\"Wilkhahn Logo\" width=\"127\" height=\"23\" srcset=\"https:\/\/ida.rwth-aachen.de\/wp-content\/uploads\/2016\/09\/wilkhahn-200x36.png 200w, https:\/\/ida.rwth-aachen.de\/wp-content\/uploads\/2016\/09\/wilkhahn-768x140.png 768w, https:\/\/ida.rwth-aachen.de\/wp-content\/uploads\/2016\/09\/wilkhahn-1024x186.png 1024w, https:\/\/ida.rwth-aachen.de\/wp-content\/uploads\/2016\/09\/wilkhahn.png 1623w\" sizes=\"auto, (max-width: 127px) 100vw, 127px\" \/><\/a><a href=\"http:\/\/www.fsb.de\" target=\"_blank\" rel=\"noopener\"><img loading=\"lazy\" decoding=\"async\" class=\"alignleft wp-image-1002\" title=\"FSB\" src=\"http:\/\/ida.rwth-aachen.de\/wp-content\/uploads\/2016\/09\/fsb_logo-1.png\" alt=\"FSB Logo\" width=\"109\" height=\"23\" srcset=\"https:\/\/ida.rwth-aachen.de\/wp-content\/uploads\/2016\/09\/fsb_logo-1.png 486w, https:\/\/ida.rwth-aachen.de\/wp-content\/uploads\/2016\/09\/fsb_logo-1-400x85.png 400w\" sizes=\"auto, (max-width: 109px) 100vw, 109px\" \/><\/a><\/p>\n<p><a href=\"http:\/\/www.rigips.de\" target=\"_blank\" rel=\"noopener\"><img loading=\"lazy\" decoding=\"async\" class=\"alignleft wp-image-1011\" title=\"Rigips Saint-Gobain\" src=\"http:\/\/ida.rwth-aachen.de\/wp-content\/uploads\/2016\/09\/RIGIPS_SG-400x155.png\" alt=\"Rigips Saint-Gobain\" width=\"98\" height=\"38\" srcset=\"https:\/\/ida.rwth-aachen.de\/wp-content\/uploads\/2016\/09\/RIGIPS_SG-400x155.png 400w, https:\/\/ida.rwth-aachen.de\/wp-content\/uploads\/2016\/09\/RIGIPS_SG-768x298.png 768w, https:\/\/ida.rwth-aachen.de\/wp-content\/uploads\/2016\/09\/RIGIPS_SG-1024x398.png 1024w, https:\/\/ida.rwth-aachen.de\/wp-content\/uploads\/2016\/09\/RIGIPS_SG.png 1744w\" sizes=\"auto, (max-width: 98px) 100vw, 98px\" \/><\/a><a href=\"http:\/\/www.abc-klinker.de\" target=\"_blank\" rel=\"noopener\"><img loading=\"lazy\" decoding=\"async\" class=\"alignleft wp-image-1289\" title=\"ABC Klinkergruppe\" src=\"http:\/\/ida.rwth-aachen.de\/wp-content\/uploads\/2016\/09\/abc_logo.png\" alt=\"ABC Klinker\" width=\"86\" height=\"38\" \/><\/a><\/p>\n","protected":false},"excerpt":{"rendered":"<p>Ort 1. Aachener Tagung 26. \u2013 27. Januar 2017 &#8211; Thema R\u00fcckschau Vortr\u00e4ge \/ Videos Publikation Thema Die erste Tagung thematisiert den Ort als eine der grunds\u00e4tzlichen Einflussgr\u00f6\u00dfen beim Entwurf und Bau von Architektur und Stadt. Gebaute Architektur ist immer an einen realen Ort gebunden. Durch die Eigenheiten des Ortes erfolgt die Individualisierung der Aufgabe, &hellip; <a href=\"https:\/\/ida.rwth-aachen.de\/?page_id=1438\" class=\"more-link\">Continue reading <span class=\"screen-reader-text\">Archiv: 2017 \u2013 Ort<\/span><\/a><\/p>\n","protected":false},"author":1,"featured_media":0,"parent":0,"menu_order":13,"comment_status":"closed","ping_status":"closed","template":"","meta":{"footnotes":""},"class_list":["post-1438","page","type-page","status-publish","hentry"],"post_mailing_queue_ids":[],"_links":{"self":[{"href":"https:\/\/ida.rwth-aachen.de\/index.php?rest_route=\/wp\/v2\/pages\/1438","targetHints":{"allow":["GET"]}}],"collection":[{"href":"https:\/\/ida.rwth-aachen.de\/index.php?rest_route=\/wp\/v2\/pages"}],"about":[{"href":"https:\/\/ida.rwth-aachen.de\/index.php?rest_route=\/wp\/v2\/types\/page"}],"author":[{"embeddable":true,"href":"https:\/\/ida.rwth-aachen.de\/index.php?rest_route=\/wp\/v2\/users\/1"}],"replies":[{"embeddable":true,"href":"https:\/\/ida.rwth-aachen.de\/index.php?rest_route=%2Fwp%2Fv2%2Fcomments&post=1438"}],"version-history":[{"count":223,"href":"https:\/\/ida.rwth-aachen.de\/index.php?rest_route=\/wp\/v2\/pages\/1438\/revisions"}],"predecessor-version":[{"id":5339,"href":"https:\/\/ida.rwth-aachen.de\/index.php?rest_route=\/wp\/v2\/pages\/1438\/revisions\/5339"}],"wp:attachment":[{"href":"https:\/\/ida.rwth-aachen.de\/index.php?rest_route=%2Fwp%2Fv2%2Fmedia&parent=1438"}],"curies":[{"name":"wp","href":"https:\/\/api.w.org\/{rel}","templated":true}]}}