{"id":10,"date":"2016-07-20T13:51:41","date_gmt":"2016-07-20T11:51:41","guid":{"rendered":"http:\/\/ida.rwth-aachen.de\/?page_id=10"},"modified":"2025-11-18T02:14:10","modified_gmt":"2025-11-18T01:14:10","slug":"kontakt","status":"publish","type":"page","link":"https:\/\/ida.rwth-aachen.de\/?page_id=10","title":{"rendered":"Kontakt \/ Impressum"},"content":{"rendered":"\n<p>Veranstaltungsort:<\/p>\n\n\n\n<p>RWTH Aachen<br>Fakult\u00e4t f\u00fcr Architektur<br>Foyer des Reiffmuseums<br>Schinkelstra\u00dfe 1<br>52062 Aachen<\/p>\n\n\n\n<p><a href=\"mailto:kontakt@ida.rwth-aachen.de\">kontakt@ida.rwth-aachen.de<\/a><\/p>\n\n\n\n<p><a href=\"http:\/\/raum.arch.rwth-aachen.de\" target=\"_blank\" rel=\"noopener noreferrer\">Lehr- und Forschungsgebiet Raumgestaltung<\/a><\/p>\n\n\n\n<figure class=\"wp-block-embed\"><div class=\"wp-block-embed__wrapper\">\nhttps:\/\/raum.arch.rwth-aachen.de\n<\/div><\/figure>\n\n\n\n<p>Tel. +49 241 80 95027<\/p>\n\n\n\n<p><a href=\"https:\/\/www.facebook.com\/IdentitaetDerArchitektur\/\" target=\"_blank\" rel=\"noopener noreferrer\">Facebook<\/a><\/p>\n\n\n\n<p><a href=\"https:\/\/www.instagram.com\/identitaetderarchitektur\/?hl=de\" target=\"_blank\" rel=\"noopener noreferrer\">Instagram<\/a><\/p>\n\n\n\n<h2 class=\"wp-block-heading\" id=\"imp\">Impressum<\/h2>\n\n\n\n<p>Herausgeber<br>Herausgegeben im Auftrag des Rektors der Rheinisch-Westf\u00e4lischen Technischen Hochschule Aachen.<br>RWTH Aachen<\/p>\n\n\n\n<p>Rheinisch-Westf\u00e4lische Technische Hochschule (RWTH) Aachen K\u00f6rperschaft des \u00f6ffentlichen Rechts<\/p>\n\n\n\n<p>Templergraben 55<br>52056 Aachen<br>Telefon: +49 241 80-1<br>Telefax: +49 241 80-92312<br>E-Mail: <a href=\"mailto:info@rwth-aachen.de\" target=\"_blank\" rel=\"noopener noreferrer\">info@rwth-aachen.de<\/a><br>Internet: <a href=\"\/\/www.rwth-aachen.de\" target=\"_blank\" rel=\"noopener noreferrer\">www.rwth-aachen.de<\/a><\/p>\n\n\n\n<p>Die RWTH Aachen ist eine K\u00f6rperschaft des \u00f6ffentlichen Rechts. Sie wird durch den Rektor, Univ.-Prof. Dr. rer. nat. Dr. h. c. mult. <a href=\"https:\/\/www.rwth-aachen.de\/cms\/root\/Die-RWTH\/Einrichtungen\/Organisation\/Rektorat\/~cbpy\/Univ-Prof-Dr-rer-nat-Dr-hc-mult-U\/\" target=\"_self\" rel=\"noopener noreferrer\">Ulrich R\u00fcdiger<\/a>, vertreten.<\/p>\n\n\n\n<div style=\"height:30px\" aria-hidden=\"true\" class=\"wp-block-spacer\"><\/div>\n\n\n<p>Zust\u00e4ndige Aufsichtsbeh\u00f6rde<br \/>Ministerium f\u00fcr Innovation, Wissenschaft, Forschung und Technologie des Landes Nordrhein Westfalen, V\u00f6lklinger Stra\u00dfe 49, 40221 D\u00fcsseldorf.<\/p>\n\n\n<div style=\"height:30px\" aria-hidden=\"true\" class=\"wp-block-spacer\"><\/div>\n\n\n<p>Umsatzsteuer-Identifikationsnummer<br \/>Gem\u00e4\u00df \u00a7 27 a Umsatzsteuergesetz: DE 121689807<\/p>\n\n\n<div style=\"height:30px\" aria-hidden=\"true\" class=\"wp-block-spacer\"><\/div>\n\n\n<p>Inhaltliche Verantwortlichkeit<br \/>F\u00fcr die Richtigkeit und Aktualit\u00e4t der Inhalte sind die jeweiligen Erstellerinnen und Ersteller der einzelnen Seiten verantwortlich. Details zu Fragen der Haftung sind in der Datenschutzerkl\u00e4rung nachzulesen.<\/p>\n\n\n<div style=\"height:30px\" aria-hidden=\"true\" class=\"wp-block-spacer\"><\/div>\n\n\n<p>Konzeption und Umsetzung<br \/>Univ.-Prof. Dipl.-Ing. Uwe Schr\u00f6der, Johannes B\u00fcge, Ilaria Maria Zedda<\/p>\n<p>Betreuung der Website<br \/>Ilaria Maria Zedda<\/p>\n<p>Lehr- und Forschungsgebiet Raumgestaltung<br \/>Schinkelstra\u00dfe 1<br \/>52062 Aachen<\/p>\n<p>powered by <a href=\"http:\/\/wordpress.org\" target=\"_blank\" rel=\"noopener noreferrer\">wordpress<\/a><\/p>","protected":false},"excerpt":{"rendered":"<p>Veranstaltungsort: RWTH AachenFakult\u00e4t f\u00fcr ArchitekturFoyer des ReiffmuseumsSchinkelstra\u00dfe 152062 Aachen kontakt@ida.rwth-aachen.de Lehr- und Forschungsgebiet Raumgestaltung Tel. +49 241 80 95027 Facebook Instagram Impressum HerausgeberHerausgegeben im Auftrag des Rektors der Rheinisch-Westf\u00e4lischen Technischen Hochschule Aachen.RWTH Aachen Rheinisch-Westf\u00e4lische Technische Hochschule (RWTH) Aachen K\u00f6rperschaft des \u00f6ffentlichen Rechts Templergraben 5552056 AachenTelefon: +49 241 80-1Telefax: +49 241 80-92312E-Mail: info@rwth-aachen.deInternet: www.rwth-aachen.de Die RWTH &hellip; <a href=\"https:\/\/ida.rwth-aachen.de\/?page_id=10\" class=\"more-link\">Continue reading <span class=\"screen-reader-text\">Kontakt \/ Impressum<\/span><\/a><\/p>\n","protected":false},"author":1,"featured_media":0,"parent":0,"menu_order":22,"comment_status":"closed","ping_status":"closed","template":"","meta":{"footnotes":""},"class_list":["post-10","page","type-page","status-publish","hentry"],"post_mailing_queue_ids":[],"_links":{"self":[{"href":"https:\/\/ida.rwth-aachen.de\/index.php?rest_route=\/wp\/v2\/pages\/10","targetHints":{"allow":["GET"]}}],"collection":[{"href":"https:\/\/ida.rwth-aachen.de\/index.php?rest_route=\/wp\/v2\/pages"}],"about":[{"href":"https:\/\/ida.rwth-aachen.de\/index.php?rest_route=\/wp\/v2\/types\/page"}],"author":[{"embeddable":true,"href":"https:\/\/ida.rwth-aachen.de\/index.php?rest_route=\/wp\/v2\/users\/1"}],"replies":[{"embeddable":true,"href":"https:\/\/ida.rwth-aachen.de\/index.php?rest_route=%2Fwp%2Fv2%2Fcomments&post=10"}],"version-history":[{"count":44,"href":"https:\/\/ida.rwth-aachen.de\/index.php?rest_route=\/wp\/v2\/pages\/10\/revisions"}],"predecessor-version":[{"id":6066,"href":"https:\/\/ida.rwth-aachen.de\/index.php?rest_route=\/wp\/v2\/pages\/10\/revisions\/6066"}],"wp:attachment":[{"href":"https:\/\/ida.rwth-aachen.de\/index.php?rest_route=%2Fwp%2Fv2%2Fmedia&parent=10"}],"curies":[{"name":"wp","href":"https:\/\/api.w.org\/{rel}","templated":true}]}}